{"id":4035,"date":"2026-01-12T12:07:42","date_gmt":"2026-01-12T12:07:42","guid":{"rendered":"https:\/\/infoges.org\/?page_id=4035"},"modified":"2026-03-19T14:26:11","modified_gmt":"2026-03-19T14:26:11","slug":"home","status":"publish","type":"page","link":"https:\/\/infoges.org\/de\/","title":{"rendered":"HOME"},"content":{"rendered":"\t\t<div data-elementor-type=\"wp-page\" data-elementor-id=\"4035\" class=\"elementor elementor-4035\" data-elementor-post-type=\"page\">\n\t\t\t\t<div class=\"elementor-element elementor-element-1d03b41 e-flex e-con-boxed e-con e-parent\" data-id=\"1d03b41\" data-element_type=\"container\" data-e-type=\"container\">\n\t\t\t\t\t<div class=\"e-con-inner\">\n\t\t<div class=\"elementor-element elementor-element-a5b5ded e-con-full e-flex e-con e-child\" data-id=\"a5b5ded\" data-element_type=\"container\" data-e-type=\"container\" data-settings=\"{&quot;background_background&quot;:&quot;classic&quot;}\">\n\t\t\t\t<div class=\"elementor-element elementor-element-10a9d34 elementor-widget elementor-widget-heading\" data-id=\"10a9d34\" data-element_type=\"widget\" data-e-type=\"widget\" data-widget_type=\"heading.default\">\n\t\t\t\t<div class=\"elementor-widget-container\">\n\t\t\t\t\t<h2 class=\"elementor-heading-title elementor-size-default\">Wir gehen neue&nbsp;Wege.<\/h2>\t\t\t\t<\/div>\n\t\t\t\t<\/div>\n\t\t\t\t<div class=\"elementor-element elementor-element-f56d6d8 elementor-absolute elementor-widget elementor-widget-image\" data-id=\"f56d6d8\" data-element_type=\"widget\" data-e-type=\"widget\" data-settings=\"{&quot;_position&quot;:&quot;absolute&quot;}\" data-widget_type=\"image.default\">\n\t\t\t\t<div class=\"elementor-widget-container\">\n\t\t\t\t\t\t\t\t\t\t\t\t\t\t\t<img fetchpriority=\"high\" decoding=\"async\" width=\"1200\" height=\"120\" src=\"https:\/\/infoges.org\/wp-content\/uploads\/2025\/07\/website-banner-1.png\" class=\"attachment-full size-full wp-image-3801\" alt srcset=\"https:\/\/infoges.org\/wp-content\/uploads\/2025\/07\/website-banner-1.png 1200w, https:\/\/infoges.org\/wp-content\/uploads\/2025\/07\/website-banner-1-300x30.png 300w, https:\/\/infoges.org\/wp-content\/uploads\/2025\/07\/website-banner-1-1024x102.png 1024w, https:\/\/infoges.org\/wp-content\/uploads\/2025\/07\/website-banner-1-768x77.png 768w, https:\/\/infoges.org\/wp-content\/uploads\/2025\/07\/website-banner-1-18x2.png 18w\" sizes=\"(max-width: 1200px) 100vw, 1200px\">\t\t\t\t\t\t\t\t\t\t\t\t\t\t\t<\/div>\n\t\t\t\t<\/div>\n\t\t\t\t<\/div>\n\t\t\t\t\t<\/div>\n\t\t\t\t<\/div>\n\t\t<div class=\"elementor-element elementor-element-c40390f e-flex e-con-boxed e-con e-parent\" data-id=\"c40390f\" data-element_type=\"container\" data-e-type=\"container\">\n\t\t\t\t\t<div class=\"e-con-inner\">\n\t\t<div class=\"elementor-element elementor-element-1edddf4 e-flex e-con-boxed e-con e-child\" data-id=\"1edddf4\" data-element_type=\"container\" data-e-type=\"container\">\n\t\t\t\t\t<div class=\"e-con-inner\">\n\t\t<div class=\"elementor-element elementor-element-54f14ec e-con-full e-flex e-con e-child\" data-id=\"54f14ec\" data-element_type=\"container\" data-e-type=\"container\" data-settings=\"{&quot;background_background&quot;:&quot;classic&quot;}\">\n\t\t\t\t<div class=\"elementor-element elementor-element-6b03d7e elementor-widget__width-initial elementor-widget elementor-widget-heading\" data-id=\"6b03d7e\" data-element_type=\"widget\" data-e-type=\"widget\" data-widget_type=\"heading.default\">\n\t\t\t\t<div class=\"elementor-widget-container\">\n\t\t\t\t\t<h2 class=\"elementor-heading-title elementor-size-default\">INFOGES ist ein gemeinn\u00fctziger <br>Think and Do Tank<br> f\u00fcr eine offene Gesellschaft.&nbsp;<\/h2>\t\t\t\t<\/div>\n\t\t\t\t<\/div>\n\t\t\t\t<\/div>\n\t\t<div class=\"elementor-element elementor-element-929c159 e-con-full e-flex e-con e-child\" data-id=\"929c159\" data-element_type=\"container\" data-e-type=\"container\" data-settings=\"{&quot;background_background&quot;:&quot;classic&quot;}\">\n\t\t<div class=\"elementor-element elementor-element-19a569e e-flex e-con-boxed e-con e-child\" data-id=\"19a569e\" data-element_type=\"container\" data-e-type=\"container\">\n\t\t\t\t\t<div class=\"e-con-inner\">\n\t\t\t\t<div class=\"elementor-element elementor-element-89ec0b4 elementor-widget elementor-widget-heading\" data-id=\"89ec0b4\" data-element_type=\"widget\" data-e-type=\"widget\" data-widget_type=\"heading.default\">\n\t\t\t\t<div class=\"elementor-widget-container\">\n\t\t\t\t\t<h2 class=\"elementor-heading-title elementor-size-default\"><a href=\"https:\/\/infoges.org\/de\/themen\">Unsere Themenschwerpunkte<\/a><\/h2>\t\t\t\t<\/div>\n\t\t\t\t<\/div>\n\t\t\t\t<div class=\"elementor-element elementor-element-254e802 elementor-widget-divider--view-line elementor-widget elementor-widget-divider\" data-id=\"254e802\" data-element_type=\"widget\" data-e-type=\"widget\" data-widget_type=\"divider.default\">\n\t\t\t\t<div class=\"elementor-widget-container\">\n\t\t\t\t\t\t\t<div class=\"elementor-divider\">\n\t\t\t<span class=\"elementor-divider-separator\">\n\t\t\t\t\t\t<\/span>\n\t\t<\/div>\n\t\t\t\t\t\t<\/div>\n\t\t\t\t<\/div>\n\t\t\t\t<div class=\"elementor-element elementor-element-a96cdd9 elementor-icon-list--layout-traditional elementor-list-item-link-full_width elementor-widget elementor-widget-icon-list\" data-id=\"a96cdd9\" data-element_type=\"widget\" data-e-type=\"widget\" data-widget_type=\"icon-list.default\">\n\t\t\t\t<div class=\"elementor-widget-container\">\n\t\t\t\t\t\t\t<ul class=\"elementor-icon-list-items\">\n\t\t\t\t\t\t\t<li class=\"elementor-icon-list-item\">\n\t\t\t\t\t\t\t\t\t\t\t<a href=\"https:\/\/infoges.org\/de\/themen\/#kulturelle-teilhabe\">\n\n\t\t\t\t\t\t\t\t\t\t\t\t<span class=\"elementor-icon-list-icon\">\n\t\t\t\t\t\t\t<i aria-hidden=\"true\" class=\"far fa-arrow-alt-circle-right\"><\/i>\t\t\t\t\t\t<\/span>\n\t\t\t\t\t\t\t\t\t\t<span class=\"elementor-icon-list-text\">Kul\u00adtu\u00adrel\u00adle Teilhabe<\/span>\n\t\t\t\t\t\t\t\t\t\t\t<\/a>\n\t\t\t\t\t\t\t\t\t<\/li>\n\t\t\t\t\t\t\t\t<li class=\"elementor-icon-list-item\">\n\t\t\t\t\t\t\t\t\t\t\t<a href=\"https:\/\/infoges.org\/de\/themen\/#demokratiefoerderung\">\n\n\t\t\t\t\t\t\t\t\t\t\t\t<span class=\"elementor-icon-list-icon\">\n\t\t\t\t\t\t\t<i aria-hidden=\"true\" class=\"far fa-arrow-alt-circle-right\"><\/i>\t\t\t\t\t\t<\/span>\n\t\t\t\t\t\t\t\t\t\t<span class=\"elementor-icon-list-text\">Demo\u00adkra\u00adtie\u00adf\u00f6r\u00adde\u00adrung<\/span>\n\t\t\t\t\t\t\t\t\t\t\t<\/a>\n\t\t\t\t\t\t\t\t\t<\/li>\n\t\t\t\t\t\t\t\t<li class=\"elementor-icon-list-item\">\n\t\t\t\t\t\t\t\t\t\t\t<a href=\"https:\/\/infoges.org\/de\/themen\/#extremismuspraevention\">\n\n\t\t\t\t\t\t\t\t\t\t\t\t<span class=\"elementor-icon-list-icon\">\n\t\t\t\t\t\t\t<i aria-hidden=\"true\" class=\"far fa-arrow-alt-circle-right\"><\/i>\t\t\t\t\t\t<\/span>\n\t\t\t\t\t\t\t\t\t\t<span class=\"elementor-icon-list-text\">Extre\u00admis\u00admus\u00adpr\u00e4\u00adven\u00adti\u00adon<\/span>\n\t\t\t\t\t\t\t\t\t\t\t<\/a>\n\t\t\t\t\t\t\t\t\t<\/li>\n\t\t\t\t\t\t<\/ul>\n\t\t\t\t\t\t<\/div>\n\t\t\t\t<\/div>\n\t\t\t\t\t<\/div>\n\t\t\t\t<\/div>\n\t\t\t\t<\/div>\n\t\t<div class=\"elementor-element elementor-element-af592d0 e-con-full e-flex e-con e-child\" data-id=\"af592d0\" data-element_type=\"container\" data-e-type=\"container\" data-settings=\"{&quot;background_background&quot;:&quot;video&quot;,&quot;background_video_start&quot;:0,&quot;background_video_end&quot;:121}\">\n\t\t\t\t<div class=\"elementor-element elementor-element-9b3d146 elementor-widget elementor-widget-button\" data-id=\"9b3d146\" data-element_type=\"widget\" data-e-type=\"widget\" data-widget_type=\"button.default\">\n\t\t\t\t<div class=\"elementor-widget-container\">\n\t\t\t\t\t\t\t\t\t<div class=\"elementor-button-wrapper\">\n\t\t\t\t\t<a class=\"elementor-button elementor-button-link elementor-size-sm\" href=\"https:\/\/infoges.org\/de\/institut\/\">\n\t\t\t\t\t\t<span class=\"elementor-button-content-wrapper\">\n\t\t\t\t\t\t\t\t\t<span class=\"elementor-button-text\">Ler\u00adne uns kennen<\/span>\n\t\t\t\t\t<\/span>\n\t\t\t\t\t<\/a>\n\t\t\t\t<\/div>\n\t\t\t\t\t\t\t\t<\/div>\n\t\t\t\t<\/div>\n\t\t\t\t<\/div>\n\t\t\t\t\t<\/div>\n\t\t\t\t<\/div>\n\t\t\t\t\t<\/div>\n\t\t\t\t<\/div>\n\t\t<div class=\"elementor-element elementor-element-c331ab7 e-flex e-con-boxed e-con e-parent\" data-id=\"c331ab7\" data-element_type=\"container\" data-e-type=\"container\">\n\t\t\t\t\t<div class=\"e-con-inner\">\n\t\t<div class=\"elementor-element elementor-element-be7b9aa e-con-full e-flex e-con e-child\" data-id=\"be7b9aa\" data-element_type=\"container\" data-e-type=\"container\">\n\t\t<div class=\"elementor-element elementor-element-ac80955 e-flex e-con-boxed e-con e-child\" data-id=\"ac80955\" data-element_type=\"container\" data-e-type=\"container\" data-settings=\"{&quot;background_background&quot;:&quot;classic&quot;}\">\n\t\t\t\t\t<div class=\"e-con-inner\">\n\t\t\t\t<div class=\"elementor-element elementor-element-f97386b elementor-widget elementor-widget-button\" data-id=\"f97386b\" data-element_type=\"widget\" data-e-type=\"widget\" data-widget_type=\"button.default\">\n\t\t\t\t<div class=\"elementor-widget-container\">\n\t\t\t\t\t\t\t\t\t<div class=\"elementor-button-wrapper\">\n\t\t\t\t\t<a class=\"elementor-button elementor-button-link elementor-size-sm\" href=\"https:\/\/infoges.org\/de\/beratung\/#veranstaltungen\">\n\t\t\t\t\t\t<span class=\"elementor-button-content-wrapper\">\n\t\t\t\t\t\t\t\t\t<span class=\"elementor-button-text\">Film\u00advor\u00adf\u00fch\u00adrung 23.03.26 \u2014 Die Far\u00adben des Bleibens<\/span>\n\t\t\t\t\t<\/span>\n\t\t\t\t\t<\/a>\n\t\t\t\t<\/div>\n\t\t\t\t\t\t\t\t<\/div>\n\t\t\t\t<\/div>\n\t\t\t\t\t<\/div>\n\t\t\t\t<\/div>\n\t\t\t\t<\/div>\n\t\t<div class=\"elementor-element elementor-element-ef7f530 e-con-full e-flex e-con e-child\" data-id=\"ef7f530\" data-element_type=\"container\" data-e-type=\"container\">\n\t\t<div class=\"elementor-element elementor-element-1d70976 e-flex e-con-boxed e-con e-child\" data-id=\"1d70976\" data-element_type=\"container\" data-e-type=\"container\" data-settings=\"{&quot;background_background&quot;:&quot;classic&quot;}\">\n\t\t\t\t\t<div class=\"e-con-inner\">\n\t\t\t\t<div class=\"elementor-element elementor-element-db8c9d9 elementor-widget elementor-widget-button\" data-id=\"db8c9d9\" data-element_type=\"widget\" data-e-type=\"widget\" data-widget_type=\"button.default\">\n\t\t\t\t<div class=\"elementor-widget-container\">\n\t\t\t\t\t\t\t\t\t<div class=\"elementor-button-wrapper\">\n\t\t\t\t\t<a class=\"elementor-button elementor-button-link elementor-size-sm\" href=\"https:\/\/infoges.org\/de\/kontakt\/#kontakt\">\n\t\t\t\t\t\t<span class=\"elementor-button-content-wrapper\">\n\t\t\t\t\t\t\t\t\t<span class=\"elementor-button-text\">Hier fin\u00addest du&nbsp;uns<\/span>\n\t\t\t\t\t<\/span>\n\t\t\t\t\t<\/a>\n\t\t\t\t<\/div>\n\t\t\t\t\t\t\t\t<\/div>\n\t\t\t\t<\/div>\n\t\t\t\t\t<\/div>\n\t\t\t\t<\/div>\n\t\t\t\t<\/div>\n\t\t<div class=\"elementor-element elementor-element-96dfbe1 e-con-full e-flex e-con e-child\" data-id=\"96dfbe1\" data-element_type=\"container\" data-e-type=\"container\">\n\t\t<div class=\"elementor-element elementor-element-007a89a e-flex e-con-boxed e-con e-child\" data-id=\"007a89a\" data-element_type=\"container\" data-e-type=\"container\" data-settings=\"{&quot;background_background&quot;:&quot;classic&quot;}\">\n\t\t\t\t\t<div class=\"e-con-inner\">\n\t\t\t\t<div class=\"elementor-element elementor-element-e5abc13 elementor-widget elementor-widget-text-editor\" data-id=\"e5abc13\" data-element_type=\"widget\" data-e-type=\"widget\" data-widget_type=\"text-editor.default\">\n\t\t\t\t<div class=\"elementor-widget-container\">\n\t\t\t\t\t\t\t\t\t<p>\u201cDuis\u00adburg ist f\u00fcr uns ein leben\u00addi\u00adges Labor f\u00fcr Viel\u00adfalt, Wan\u00addel und Zusammenhalt.<\/p><p>Die Stadt bringt Men\u00adschen unter\u00adschied\u00adlichs\u00adter Her\u00adkunft zusam\u00admen und hat eine ein\u00adzig\u00adar\u00adti\u00adge Geschich\u00adte des Struk\u00adtur\u00adwan\u00addels. Genau die\u00adse Mischung erm\u00f6g\u00adlicht es uns, neue Ideen zu ent\u00adwi\u00adckeln und gemein\u00adsam sp\u00fcr\u00adba\u00adre Ver\u00ad\u00e4n\u00adde\u00adrun\u00adgen zu gestalten.\u201d<\/p><p>Harun Akg\u00fcn, Gesch\u00e4ftsf\u00fchrer<\/p>\t\t\t\t\t\t\t\t<\/div>\n\t\t\t\t<\/div>\n\t\t\t\t\t<\/div>\n\t\t\t\t<\/div>\n\t\t\t\t<\/div>\n\t\t\t\t\t<\/div>\n\t\t\t\t<\/div>\n\t\t\t\t<\/div>\n\t\t","protected":false},"excerpt":{"rendered":"<p>Wir gehen neue&nbsp;Wege. INFOGES ist ein gemein\u00adn\u00fct\u00adzi\u00adger Think and Do Tank f\u00fcr eine offe\u00adne Gesell\u00adschaft.&nbsp; Unse\u00adre The\u00admen\u00adschwer\u00adpunk\u00adte Kul\u00adtu\u00adrel\u00adle Teil\u00adha\u00adbe Demo\u00adkra\u00adtie\u00adf\u00f6r\u00adde\u00adrung Extre\u00admis\u00admus\u00adpr\u00e4\u00adven\u00adti\u00adon Ler\u00adne uns ken\u00adnen Film\u00advor\u00adf\u00fch\u00adrung 23.03.26 \u2014 Die Far\u00adben des Blei\u00adbens Hier fin\u00addest du&nbsp;uns \u201cDuis\u00adburg ist f\u00fcr uns ein leben\u00addi\u00adges Labor f\u00fcr Viel\u00adfalt, Wan\u00addel und Zusam\u00admen\u00adhalt. Die Stadt bringt Men\u00adschen unter\u00adschied\u00adlichs\u00adter Her\u00adkunft zusam\u00admen und&nbsp;hat&nbsp;[\u2026]<\/p>\n","protected":false},"author":3,"featured_media":0,"parent":0,"menu_order":0,"comment_status":"closed","ping_status":"closed","template":"","meta":{"wp_typography_post_enhancements_disabled":false,"footnotes":""},"class_list":["post-4035","page","type-page","status-publish","hentry","entry"],"yoast_head":"<!-- This site is optimized with the Yoast SEO plugin v27.4 - https:\/\/yoast.com\/product\/yoast-seo-wordpress\/ -->\n<title>HOME - INFOGES<\/title>\n<meta name=\"description\" content=\"Das Institut f\u00fcr offene Gesellschaftsstudien Duisburg (INFOGES) gemeinn\u00fctzige Gesellschaft mbH ist eine neu gegr\u00fcndete au\u00dferuniversit\u00e4re Forschungseinrichtung, ein akademischer und innovativer Thinktank im Themenfeld der (Post-)Migrations\u2011, Integrations- und Gesellschaftsforschung.\" \/>\n<meta name=\"robots\" content=\"index, follow, max-snippet:-1, max-image-preview:large, max-video-preview:-1\" \/>\n<link rel=\"canonical\" href=\"https:\/\/infoges.org\/de\/\" \/>\n<meta property=\"og:locale\" content=\"de_DE\" \/>\n<meta property=\"og:type\" content=\"article\" \/>\n<meta property=\"og:title\" content=\"HOME - INFOGES\" \/>\n<meta property=\"og:description\" content=\"Das Institut f\u00fcr offene Gesellschaftsstudien Duisburg (INFOGES) gemeinn\u00fctzige Gesellschaft mbH ist eine neu gegr\u00fcndete au\u00dferuniversit\u00e4re Forschungseinrichtung, ein akademischer und innovativer Thinktank im Themenfeld der (Post-)Migrations\u2011, Integrations- und Gesellschaftsforschung.\" \/>\n<meta property=\"og:url\" content=\"https:\/\/infoges.org\/de\/\" \/>\n<meta property=\"og:site_name\" content=\"INFOGES\" \/>\n<meta property=\"article:modified_time\" content=\"2026-03-19T14:26:11+00:00\" \/>\n<meta property=\"og:image\" content=\"https:\/\/infoges.org\/wp-content\/uploads\/2025\/07\/website-banner-1.png\" \/>\n\t<meta property=\"og:image:width\" content=\"1200\" \/>\n\t<meta property=\"og:image:height\" content=\"120\" \/>\n\t<meta property=\"og:image:type\" content=\"image\/png\" \/>\n<meta name=\"twitter:card\" content=\"summary_large_image\" \/>\n<meta name=\"twitter:label1\" content=\"Gesch\u00e4tzte Lesezeit\" \/>\n\t<meta name=\"twitter:data1\" content=\"1\u00a0Minute\" \/>\n<script type=\"application\/ld+json\" class=\"yoast-schema-graph\">{\"@context\":\"https:\\\/\\\/schema.org\",\"@graph\":[{\"@type\":\"WebPage\",\"@id\":\"https:\\\/\\\/infoges.org\\\/\",\"url\":\"https:\\\/\\\/infoges.org\\\/\",\"name\":\"HOME - INFOGES\",\"isPartOf\":{\"@id\":\"https:\\\/\\\/infoges.org\\\/#website\"},\"primaryImageOfPage\":{\"@id\":\"https:\\\/\\\/infoges.org\\\/#primaryimage\"},\"image\":{\"@id\":\"https:\\\/\\\/infoges.org\\\/#primaryimage\"},\"thumbnailUrl\":\"https:\\\/\\\/infoges.org\\\/wp-content\\\/uploads\\\/2025\\\/07\\\/website-banner-1.png\",\"datePublished\":\"2026-01-12T12:07:42+00:00\",\"dateModified\":\"2026-03-19T14:26:11+00:00\",\"description\":\"Das Institut f\u00fcr offene Gesellschaftsstudien Duisburg (INFOGES) gemeinn\u00fctzige Gesellschaft mbH ist eine neu gegr\u00fcndete au\u00dferuniversit\u00e4re Forschungseinrichtung, ein akademischer und innovativer Thinktank im Themenfeld der (Post-)Migrations\u2011, Integrations- und Gesellschaftsforschung.\",\"breadcrumb\":{\"@id\":\"https:\\\/\\\/infoges.org\\\/#breadcrumb\"},\"inLanguage\":\"de\",\"potentialAction\":[{\"@type\":\"ReadAction\",\"target\":[\"https:\\\/\\\/infoges.org\\\/\"]}]},{\"@type\":\"ImageObject\",\"inLanguage\":\"de\",\"@id\":\"https:\\\/\\\/infoges.org\\\/#primaryimage\",\"url\":\"https:\\\/\\\/infoges.org\\\/wp-content\\\/uploads\\\/2025\\\/07\\\/website-banner-1.png\",\"contentUrl\":\"https:\\\/\\\/infoges.org\\\/wp-content\\\/uploads\\\/2025\\\/07\\\/website-banner-1.png\"},{\"@type\":\"BreadcrumbList\",\"@id\":\"https:\\\/\\\/infoges.org\\\/#breadcrumb\",\"itemListElement\":[{\"@type\":\"ListItem\",\"position\":1,\"name\":\"Startseite\",\"item\":\"https:\\\/\\\/infoges.org\\\/\"},{\"@type\":\"ListItem\",\"position\":2,\"name\":\"HOME\"}]},{\"@type\":\"WebSite\",\"@id\":\"https:\\\/\\\/infoges.org\\\/#website\",\"url\":\"https:\\\/\\\/infoges.org\\\/\",\"name\":\"INFOGES\",\"description\":\"Institut f\u00fcr offene Gesellschaftsstudien Duisburg\",\"publisher\":{\"@id\":\"https:\\\/\\\/infoges.org\\\/#organization\"},\"potentialAction\":[{\"@type\":\"SearchAction\",\"target\":{\"@type\":\"EntryPoint\",\"urlTemplate\":\"https:\\\/\\\/infoges.org\\\/?s={search_term_string}\"},\"query-input\":{\"@type\":\"PropertyValueSpecification\",\"valueRequired\":true,\"valueName\":\"search_term_string\"}}],\"inLanguage\":\"de\"},{\"@type\":\"Organization\",\"@id\":\"https:\\\/\\\/infoges.org\\\/#organization\",\"name\":\"INFOGES - Institut f\u00fcr offene Gesellschaftsstudien Duisburg gGmbH\",\"url\":\"https:\\\/\\\/infoges.org\\\/\",\"logo\":{\"@type\":\"ImageObject\",\"inLanguage\":\"de\",\"@id\":\"https:\\\/\\\/infoges.org\\\/#\\\/schema\\\/logo\\\/image\\\/\",\"url\":\"https:\\\/\\\/infoges.org\\\/wp-content\\\/uploads\\\/2022\\\/05\\\/logo-infoges.jpg\",\"contentUrl\":\"https:\\\/\\\/infoges.org\\\/wp-content\\\/uploads\\\/2022\\\/05\\\/logo-infoges.jpg\",\"width\":1907,\"height\":680,\"caption\":\"INFOGES - Institut f\u00fcr offene Gesellschaftsstudien Duisburg gGmbH\"},\"image\":{\"@id\":\"https:\\\/\\\/infoges.org\\\/#\\\/schema\\\/logo\\\/image\\\/\"}}]}<\/script>\n<!-- \/ Yoast SEO plugin. -->","yoast_head_json":{"title":"HOME - INFOGES","description":"Das Institut f\u00fcr offene Gesellschaftsstudien Duisburg (INFOGES) gemeinn\u00fctzige Gesellschaft mbH ist eine neu gegr\u00fcndete au\u00dferuniversit\u00e4re Forschungseinrichtung, ein akademischer und innovativer Thinktank im Themenfeld der (Post-)Migrations\u2011, Integrations- und Gesellschaftsforschung.","robots":{"index":"index","follow":"follow","max-snippet":"max-snippet:-1","max-image-preview":"max-image-preview:large","max-video-preview":"max-video-preview:-1"},"canonical":"https:\/\/infoges.org\/de\/","og_locale":"de_DE","og_type":"article","og_title":"HOME - INFOGES","og_description":"Das Institut f\u00fcr offene Gesellschaftsstudien Duisburg (INFOGES) gemeinn\u00fctzige Gesellschaft mbH ist eine neu gegr\u00fcndete au\u00dferuniversit\u00e4re Forschungseinrichtung, ein akademischer und innovativer Thinktank im Themenfeld der (Post-)Migrations\u2011, Integrations- und Gesellschaftsforschung.","og_url":"https:\/\/infoges.org\/de\/","og_site_name":"INFOGES","article_modified_time":"2026-03-19T14:26:11+00:00","og_image":[{"width":1200,"height":120,"url":"https:\/\/infoges.org\/wp-content\/uploads\/2025\/07\/website-banner-1.png","type":"image\/png"}],"twitter_card":"summary_large_image","twitter_misc":{"Gesch\u00e4tzte Lesezeit":"1\u00a0Minute"},"schema":{"@context":"https:\/\/schema.org","@graph":[{"@type":"WebPage","@id":"https:\/\/infoges.org\/","url":"https:\/\/infoges.org\/","name":"HOME - INFOGES","isPartOf":{"@id":"https:\/\/infoges.org\/#website"},"primaryImageOfPage":{"@id":"https:\/\/infoges.org\/#primaryimage"},"image":{"@id":"https:\/\/infoges.org\/#primaryimage"},"thumbnailUrl":"https:\/\/infoges.org\/wp-content\/uploads\/2025\/07\/website-banner-1.png","datePublished":"2026-01-12T12:07:42+00:00","dateModified":"2026-03-19T14:26:11+00:00","description":"Das Institut f\u00fcr offene Gesellschaftsstudien Duisburg (INFOGES) gemeinn\u00fctzige Gesellschaft mbH ist eine neu gegr\u00fcndete au\u00dferuniversit\u00e4re Forschungseinrichtung, ein akademischer und innovativer Thinktank im Themenfeld der (Post-)Migrations\u2011, Integrations- und Gesellschaftsforschung.","breadcrumb":{"@id":"https:\/\/infoges.org\/#breadcrumb"},"inLanguage":"de","potentialAction":[{"@type":"ReadAction","target":["https:\/\/infoges.org\/"]}]},{"@type":"ImageObject","inLanguage":"de","@id":"https:\/\/infoges.org\/#primaryimage","url":"https:\/\/infoges.org\/wp-content\/uploads\/2025\/07\/website-banner-1.png","contentUrl":"https:\/\/infoges.org\/wp-content\/uploads\/2025\/07\/website-banner-1.png"},{"@type":"BreadcrumbList","@id":"https:\/\/infoges.org\/#breadcrumb","itemListElement":[{"@type":"ListItem","position":1,"name":"Startseite","item":"https:\/\/infoges.org\/"},{"@type":"ListItem","position":2,"name":"HOME"}]},{"@type":"WebSite","@id":"https:\/\/infoges.org\/#website","url":"https:\/\/infoges.org\/","name":"INFOGES","description":"Institut f\u00fcr offene Gesellschaftsstudien Duisburg","publisher":{"@id":"https:\/\/infoges.org\/#organization"},"potentialAction":[{"@type":"SearchAction","target":{"@type":"EntryPoint","urlTemplate":"https:\/\/infoges.org\/?s={search_term_string}"},"query-input":{"@type":"PropertyValueSpecification","valueRequired":true,"valueName":"search_term_string"}}],"inLanguage":"de"},{"@type":"Organization","@id":"https:\/\/infoges.org\/#organization","name":"INFOGES - Institut f\u00fcr offene Gesellschaftsstudien Duisburg gGmbH","url":"https:\/\/infoges.org\/","logo":{"@type":"ImageObject","inLanguage":"de","@id":"https:\/\/infoges.org\/#\/schema\/logo\/image\/","url":"https:\/\/infoges.org\/wp-content\/uploads\/2022\/05\/logo-infoges.jpg","contentUrl":"https:\/\/infoges.org\/wp-content\/uploads\/2022\/05\/logo-infoges.jpg","width":1907,"height":680,"caption":"INFOGES - Institut f\u00fcr offene Gesellschaftsstudien Duisburg gGmbH"},"image":{"@id":"https:\/\/infoges.org\/#\/schema\/logo\/image\/"}}]}},"_links":{"self":[{"href":"https:\/\/infoges.org\/de\/wp-json\/wp\/v2\/pages\/4035","targetHints":{"allow":["GET"]}}],"collection":[{"href":"https:\/\/infoges.org\/de\/wp-json\/wp\/v2\/pages"}],"about":[{"href":"https:\/\/infoges.org\/de\/wp-json\/wp\/v2\/types\/page"}],"author":[{"embeddable":true,"href":"https:\/\/infoges.org\/de\/wp-json\/wp\/v2\/users\/3"}],"replies":[{"embeddable":true,"href":"https:\/\/infoges.org\/de\/wp-json\/wp\/v2\/comments?post=4035"}],"version-history":[{"count":78,"href":"https:\/\/infoges.org\/de\/wp-json\/wp\/v2\/pages\/4035\/revisions"}],"predecessor-version":[{"id":4433,"href":"https:\/\/infoges.org\/de\/wp-json\/wp\/v2\/pages\/4035\/revisions\/4433"}],"wp:attachment":[{"href":"https:\/\/infoges.org\/de\/wp-json\/wp\/v2\/media?parent=4035"}],"curies":[{"name":"wp","href":"https:\/\/api.w.org\/{rel}","templated":true}]}}