{"id":3843,"date":"2025-09-29T10:52:46","date_gmt":"2025-09-29T10:52:46","guid":{"rendered":"https:\/\/infoges.org\/?page_id=3843"},"modified":"2025-09-29T11:20:07","modified_gmt":"2025-09-29T11:20:07","slug":"impressum-2","status":"publish","type":"page","link":"https:\/\/infoges.org\/en\/impressum-2\/","title":{"rendered":"Imprint"},"content":{"rendered":"<h2 class=\"wp-block-heading\"><\/h2>\n\n\n\n<h3 class=\"wp-block-heading\">Imprint<\/h3>\n\n\n\n<p><strong>Anga\u00adben gem\u00e4\u00df \u00a7 5 TMG und \u00a7 18 Abs. 2&nbsp;MStV<\/strong><\/p>\n\n\n\n<p>INFOGES \u2013 Insti\u00adtut f\u00fcr offe\u00adne Gesell\u00adschafts\u00adstu\u00addi\u00aden Duis\u00adburg gGmbH<br>Franz-Hani\u00adel-Platz 1a<br>47119 Duis\u00adburg<\/p>\n\n\n\n<p><strong>Ver\u00adtre\u00adten durch:<\/strong><br>Gesch\u00e4fts\u00adf\u00fch\u00adrer Harun&nbsp;Akg\u00fcn<\/p>\n\n\n\n<p><strong>Sitz der Gesell\u00adschaft:<\/strong><br>Duis\u00adburg<\/p>\n\n\n\n<p><strong>Regis\u00adter\u00adein\u00adtrag:<\/strong><br>Ein\u00adge\u00adtra\u00adgen im Han\u00addels\u00adre\u00adgis\u00adter des Amts\u00adge\u00adrichts Duis\u00adburg<br>Han\u00addels\u00adre\u00adgis\u00adter\u00adnum\u00admer HRB&nbsp;35532<\/p>\n\n\n\n<p><strong>Kon\u00adtakt:<\/strong><br>E\u2011Mail:&nbsp;<a>service@infoges.or<\/a>g<\/p>\n\n\n\n<p><\/p>","protected":false},"excerpt":{"rendered":"<p>Impres\u00adsum Anga\u00adben gem\u00e4\u00df \u00a7 5 TMG und \u00a7 18 Abs. 2 MStV INFOGES \u2013 Insti\u00adtut f\u00fcr offe\u00adne Gesell\u00adschafts\u00adstu\u00addi\u00aden Duis\u00adburg gGmbH\u00adFranz-Hani\u00adel-Platz 1a47119 Duis\u00adburg Ver\u00adtre\u00adten durch:Gesch\u00e4ftsf\u00fchrer Harun Akg\u00fcn Sitz der Gesellschaft:Duisburg Registereintrag:Eingetragen im Han\u00addels\u00adre\u00adgis\u00adter des Amts\u00adge\u00adrichts Duis\u00adburg\u00adHan\u00addels\u00adre\u00adgis\u00adter\u00adnum\u00admer HRB 35532 Kontakt:E\u2011Mail:&nbsp;service@infoges.org<\/p>","protected":false},"author":3,"featured_media":0,"parent":0,"menu_order":0,"comment_status":"closed","ping_status":"closed","template":"","meta":{"wp_typography_post_enhancements_disabled":false,"footnotes":""},"class_list":["post-3843","page","type-page","status-publish","hentry","entry"],"yoast_head":"<!-- This site is optimized with the Yoast SEO plugin v27.4 - https:\/\/yoast.com\/product\/yoast-seo-wordpress\/ -->\n<title>Impressum - INFOGES<\/title>\n<meta name=\"robots\" content=\"index, follow, max-snippet:-1, max-image-preview:large, max-video-preview:-1\" \/>\n<link rel=\"canonical\" href=\"https:\/\/infoges.org\/en\/impressum-2\/\" \/>\n<meta property=\"og:locale\" content=\"en_GB\" \/>\n<meta property=\"og:type\" content=\"article\" \/>\n<meta property=\"og:title\" content=\"Impressum - INFOGES\" \/>\n<meta property=\"og:description\" content=\"Impressum Angaben gem\u00e4\u00df \u00a7 5 TMG und \u00a7 18 Abs. 2 MStV INFOGES \u2013 Institut f\u00fcr offene Gesellschaftsstudien Duisburg gGmbHFranz-Haniel-Platz 1a47119 Duisburg Vertreten durch:Gesch\u00e4ftsf\u00fchrer Harun Akg\u00fcn Sitz der Gesellschaft:Duisburg Registereintrag:Eingetragen im Handelsregister des Amtsgerichts DuisburgHandelsregisternummer HRB 35532 Kontakt:E-Mail:\u00a0service@infoges.org\" \/>\n<meta property=\"og:url\" content=\"https:\/\/infoges.org\/en\/impressum-2\/\" \/>\n<meta property=\"og:site_name\" content=\"INFOGES\" \/>\n<meta property=\"article:modified_time\" content=\"2025-09-29T11:20:07+00:00\" \/>\n<meta name=\"twitter:card\" content=\"summary_large_image\" \/>\n<meta name=\"twitter:label1\" content=\"Estimated reading time\" \/>\n\t<meta name=\"twitter:data1\" content=\"1 minute\" \/>\n<script type=\"application\/ld+json\" class=\"yoast-schema-graph\">{\"@context\":\"https:\\\/\\\/schema.org\",\"@graph\":[{\"@type\":\"WebPage\",\"@id\":\"https:\\\/\\\/infoges.org\\\/impressum-2\\\/\",\"url\":\"https:\\\/\\\/infoges.org\\\/impressum-2\\\/\",\"name\":\"Impressum - INFOGES\",\"isPartOf\":{\"@id\":\"https:\\\/\\\/infoges.org\\\/#website\"},\"datePublished\":\"2025-09-29T10:52:46+00:00\",\"dateModified\":\"2025-09-29T11:20:07+00:00\",\"breadcrumb\":{\"@id\":\"https:\\\/\\\/infoges.org\\\/impressum-2\\\/#breadcrumb\"},\"inLanguage\":\"en-GB\",\"potentialAction\":[{\"@type\":\"ReadAction\",\"target\":[\"https:\\\/\\\/infoges.org\\\/impressum-2\\\/\"]}]},{\"@type\":\"BreadcrumbList\",\"@id\":\"https:\\\/\\\/infoges.org\\\/impressum-2\\\/#breadcrumb\",\"itemListElement\":[{\"@type\":\"ListItem\",\"position\":1,\"name\":\"Startseite\",\"item\":\"https:\\\/\\\/infoges.org\\\/\"},{\"@type\":\"ListItem\",\"position\":2,\"name\":\"Impressum\"}]},{\"@type\":\"WebSite\",\"@id\":\"https:\\\/\\\/infoges.org\\\/#website\",\"url\":\"https:\\\/\\\/infoges.org\\\/\",\"name\":\"INFOGES\",\"description\":\"Institut f\u00fcr offene Gesellschaftsstudien Duisburg\",\"publisher\":{\"@id\":\"https:\\\/\\\/infoges.org\\\/#organization\"},\"potentialAction\":[{\"@type\":\"SearchAction\",\"target\":{\"@type\":\"EntryPoint\",\"urlTemplate\":\"https:\\\/\\\/infoges.org\\\/?s={search_term_string}\"},\"query-input\":{\"@type\":\"PropertyValueSpecification\",\"valueRequired\":true,\"valueName\":\"search_term_string\"}}],\"inLanguage\":\"en-GB\"},{\"@type\":\"Organization\",\"@id\":\"https:\\\/\\\/infoges.org\\\/#organization\",\"name\":\"INFOGES - Institut f\u00fcr offene Gesellschaftsstudien Duisburg gGmbH\",\"url\":\"https:\\\/\\\/infoges.org\\\/\",\"logo\":{\"@type\":\"ImageObject\",\"inLanguage\":\"en-GB\",\"@id\":\"https:\\\/\\\/infoges.org\\\/#\\\/schema\\\/logo\\\/image\\\/\",\"url\":\"https:\\\/\\\/infoges.org\\\/wp-content\\\/uploads\\\/2022\\\/05\\\/logo-infoges.jpg\",\"contentUrl\":\"https:\\\/\\\/infoges.org\\\/wp-content\\\/uploads\\\/2022\\\/05\\\/logo-infoges.jpg\",\"width\":1907,\"height\":680,\"caption\":\"INFOGES - Institut f\u00fcr offene Gesellschaftsstudien Duisburg gGmbH\"},\"image\":{\"@id\":\"https:\\\/\\\/infoges.org\\\/#\\\/schema\\\/logo\\\/image\\\/\"}}]}<\/script>\n<!-- \/ Yoast SEO plugin. -->","yoast_head_json":{"title":"Impressum - INFOGES","robots":{"index":"index","follow":"follow","max-snippet":"max-snippet:-1","max-image-preview":"max-image-preview:large","max-video-preview":"max-video-preview:-1"},"canonical":"https:\/\/infoges.org\/en\/impressum-2\/","og_locale":"en_GB","og_type":"article","og_title":"Impressum - INFOGES","og_description":"Impressum Angaben gem\u00e4\u00df \u00a7 5 TMG und \u00a7 18 Abs. 2 MStV INFOGES \u2013 Institut f\u00fcr offene Gesellschaftsstudien Duisburg gGmbHFranz-Haniel-Platz 1a47119 Duisburg Vertreten durch:Gesch\u00e4ftsf\u00fchrer Harun Akg\u00fcn Sitz der Gesellschaft:Duisburg Registereintrag:Eingetragen im Handelsregister des Amtsgerichts DuisburgHandelsregisternummer HRB 35532 Kontakt:E-Mail:\u00a0service@infoges.org","og_url":"https:\/\/infoges.org\/en\/impressum-2\/","og_site_name":"INFOGES","article_modified_time":"2025-09-29T11:20:07+00:00","twitter_card":"summary_large_image","twitter_misc":{"Estimated reading time":"1 minute"},"schema":{"@context":"https:\/\/schema.org","@graph":[{"@type":"WebPage","@id":"https:\/\/infoges.org\/impressum-2\/","url":"https:\/\/infoges.org\/impressum-2\/","name":"Impressum - INFOGES","isPartOf":{"@id":"https:\/\/infoges.org\/#website"},"datePublished":"2025-09-29T10:52:46+00:00","dateModified":"2025-09-29T11:20:07+00:00","breadcrumb":{"@id":"https:\/\/infoges.org\/impressum-2\/#breadcrumb"},"inLanguage":"en-GB","potentialAction":[{"@type":"ReadAction","target":["https:\/\/infoges.org\/impressum-2\/"]}]},{"@type":"BreadcrumbList","@id":"https:\/\/infoges.org\/impressum-2\/#breadcrumb","itemListElement":[{"@type":"ListItem","position":1,"name":"Startseite","item":"https:\/\/infoges.org\/"},{"@type":"ListItem","position":2,"name":"Impressum"}]},{"@type":"WebSite","@id":"https:\/\/infoges.org\/#website","url":"https:\/\/infoges.org\/","name":"INFOGES","description":"Institut f\u00fcr offene Gesellschaftsstudien Duisburg","publisher":{"@id":"https:\/\/infoges.org\/#organization"},"potentialAction":[{"@type":"SearchAction","target":{"@type":"EntryPoint","urlTemplate":"https:\/\/infoges.org\/?s={search_term_string}"},"query-input":{"@type":"PropertyValueSpecification","valueRequired":true,"valueName":"search_term_string"}}],"inLanguage":"en-GB"},{"@type":"Organization","@id":"https:\/\/infoges.org\/#organization","name":"INFOGES - Institut f\u00fcr offene Gesellschaftsstudien Duisburg gGmbH","url":"https:\/\/infoges.org\/","logo":{"@type":"ImageObject","inLanguage":"en-GB","@id":"https:\/\/infoges.org\/#\/schema\/logo\/image\/","url":"https:\/\/infoges.org\/wp-content\/uploads\/2022\/05\/logo-infoges.jpg","contentUrl":"https:\/\/infoges.org\/wp-content\/uploads\/2022\/05\/logo-infoges.jpg","width":1907,"height":680,"caption":"INFOGES - Institut f\u00fcr offene Gesellschaftsstudien Duisburg gGmbH"},"image":{"@id":"https:\/\/infoges.org\/#\/schema\/logo\/image\/"}}]}},"_links":{"self":[{"href":"https:\/\/infoges.org\/en\/wp-json\/wp\/v2\/pages\/3843","targetHints":{"allow":["GET"]}}],"collection":[{"href":"https:\/\/infoges.org\/en\/wp-json\/wp\/v2\/pages"}],"about":[{"href":"https:\/\/infoges.org\/en\/wp-json\/wp\/v2\/types\/page"}],"author":[{"embeddable":true,"href":"https:\/\/infoges.org\/en\/wp-json\/wp\/v2\/users\/3"}],"replies":[{"embeddable":true,"href":"https:\/\/infoges.org\/en\/wp-json\/wp\/v2\/comments?post=3843"}],"version-history":[{"count":2,"href":"https:\/\/infoges.org\/en\/wp-json\/wp\/v2\/pages\/3843\/revisions"}],"predecessor-version":[{"id":3865,"href":"https:\/\/infoges.org\/en\/wp-json\/wp\/v2\/pages\/3843\/revisions\/3865"}],"wp:attachment":[{"href":"https:\/\/infoges.org\/en\/wp-json\/wp\/v2\/media?parent=3843"}],"curies":[{"name":"wp","href":"https:\/\/api.w.org\/{rel}","templated":true}]}}